{"id":22,"date":"2025-06-12T15:51:07","date_gmt":"2025-06-12T13:51:07","guid":{"rendered":"https:\/\/bet-eco.fr\/?page_id=22"},"modified":"2025-09-02T20:12:21","modified_gmt":"2025-09-02T18:12:21","slug":"contact","status":"publish","type":"page","link":"https:\/\/bet-eco.fr\/index.php\/contact\/","title":{"rendered":"Contact"},"content":{"rendered":"\t\t<div data-elementor-type=\"wp-page\" data-elementor-id=\"22\" class=\"elementor elementor-22\" data-elementor-post-type=\"page\">\n\t\t\t\t<div class=\"elementor-element elementor-element-8a51f42 e-flex e-con-boxed e-con e-parent\" data-id=\"8a51f42\" data-element_type=\"container\">\n\t\t\t\t\t<div class=\"e-con-inner\">\n\t\t\t\t<div class=\"elementor-element elementor-element-7b312ea elementor-widget elementor-widget-spacer\" data-id=\"7b312ea\" data-element_type=\"widget\" data-widget_type=\"spacer.default\">\n\t\t\t\t<div class=\"elementor-widget-container\">\n\t\t\t\t\t\t\t<div class=\"elementor-spacer\">\n\t\t\t<div class=\"elementor-spacer-inner\"><\/div>\n\t\t<\/div>\n\t\t\t\t\t\t<\/div>\n\t\t\t\t<\/div>\n\t\t\t\t<div class=\"elementor-element elementor-element-d7ae727 elementor-widget elementor-widget-heading\" data-id=\"d7ae727\" data-element_type=\"widget\" data-widget_type=\"heading.default\">\n\t\t\t\t<div class=\"elementor-widget-container\">\n\t\t\t\t\t<h1 class=\"elementor-heading-title elementor-size-default\">Contactez-nous !<\/h1>\t\t\t\t<\/div>\n\t\t\t\t<\/div>\n\t\t\t\t<div class=\"elementor-element elementor-element-ce1d725 elementor-view-default elementor-widget elementor-widget-icon\" data-id=\"ce1d725\" data-element_type=\"widget\" data-widget_type=\"icon.default\">\n\t\t\t\t<div class=\"elementor-widget-container\">\n\t\t\t\t\t\t\t<div class=\"elementor-icon-wrapper\">\n\t\t\t<div class=\"elementor-icon\">\n\t\t\t<svg aria-hidden=\"true\" class=\"e-font-icon-svg e-fas-stop\" viewBox=\"0 0 448 512\" xmlns=\"http:\/\/www.w3.org\/2000\/svg\"><path d=\"M400 32H48C21.5 32 0 53.5 0 80v352c0 26.5 21.5 48 48 48h352c26.5 0 48-21.5 48-48V80c0-26.5-21.5-48-48-48z\"><\/path><\/svg>\t\t\t<\/div>\n\t\t<\/div>\n\t\t\t\t\t\t<\/div>\n\t\t\t\t<\/div>\n\t\t\t\t<div class=\"elementor-element elementor-element-c59ba31 elementor-widget elementor-widget-spacer\" data-id=\"c59ba31\" data-element_type=\"widget\" data-widget_type=\"spacer.default\">\n\t\t\t\t<div class=\"elementor-widget-container\">\n\t\t\t\t\t\t\t<div class=\"elementor-spacer\">\n\t\t\t<div class=\"elementor-spacer-inner\"><\/div>\n\t\t<\/div>\n\t\t\t\t\t\t<\/div>\n\t\t\t\t<\/div>\n\t\t\t\t\t<\/div>\n\t\t\t\t<\/div>\n\t\t<div class=\"elementor-element elementor-element-f08886a e-flex e-con-boxed e-con e-parent\" data-id=\"f08886a\" data-element_type=\"container\">\n\t\t\t\t\t<div class=\"e-con-inner\">\n\t\t<div class=\"elementor-element elementor-element-fbcb70d e-con-full e-flex e-con e-child\" data-id=\"fbcb70d\" data-element_type=\"container\">\n\t\t\t\t<div class=\"elementor-element elementor-element-bdd9a35 elementor-widget elementor-widget-theme-site-logo elementor-widget-image\" data-id=\"bdd9a35\" data-element_type=\"widget\" data-widget_type=\"theme-site-logo.default\">\n\t\t\t\t<div class=\"elementor-widget-container\">\n\t\t\t\t\t\t\t\t\t\t\t<a href=\"https:\/\/bet-eco.fr\">\n\t\t\t<img fetchpriority=\"high\" decoding=\"async\" width=\"2560\" height=\"1440\" src=\"https:\/\/bet-eco.fr\/wp-content\/uploads\/2025\/06\/ECO-BRAND-BOOK-2-scaled.png\" class=\"attachment-full size-full wp-image-54\" alt=\"\" srcset=\"https:\/\/bet-eco.fr\/wp-content\/uploads\/2025\/06\/ECO-BRAND-BOOK-2-scaled.png 2560w, https:\/\/bet-eco.fr\/wp-content\/uploads\/2025\/06\/ECO-BRAND-BOOK-2-300x169.png 300w, https:\/\/bet-eco.fr\/wp-content\/uploads\/2025\/06\/ECO-BRAND-BOOK-2-1024x576.png 1024w, https:\/\/bet-eco.fr\/wp-content\/uploads\/2025\/06\/ECO-BRAND-BOOK-2-768x432.png 768w, https:\/\/bet-eco.fr\/wp-content\/uploads\/2025\/06\/ECO-BRAND-BOOK-2-1536x864.png 1536w, https:\/\/bet-eco.fr\/wp-content\/uploads\/2025\/06\/ECO-BRAND-BOOK-2-2048x1152.png 2048w\" sizes=\"(max-width: 2560px) 100vw, 2560px\" \/>\t\t\t\t<\/a>\n\t\t\t\t\t\t\t\t\t\t\t<\/div>\n\t\t\t\t<\/div>\n\t\t\t\t<div class=\"elementor-element elementor-element-469e211 elementor-widget elementor-widget-text-editor\" data-id=\"469e211\" data-element_type=\"widget\" data-widget_type=\"text-editor.default\">\n\t\t\t\t<div class=\"elementor-widget-container\">\n\t\t\t\t\t\t\t\t\t<p>S\u00e9curiser votre projet, optimiser vos ressources, et garantir la qualit\u00e9 \u00e0 chaque \u00e9tape.<span class=\"Apple-converted-space\">\u00a0<\/span><\/p>\t\t\t\t\t\t\t\t<\/div>\n\t\t\t\t<\/div>\n\t\t\t\t<\/div>\n\t\t<div class=\"elementor-element elementor-element-c24f654 e-con-full e-flex e-con e-child\" data-id=\"c24f654\" data-element_type=\"container\">\n\t\t\t\t<div class=\"elementor-element elementor-element-3e473dc elementor-widget elementor-widget-text-editor\" data-id=\"3e473dc\" data-element_type=\"widget\" data-widget_type=\"text-editor.default\">\n\t\t\t\t<div class=\"elementor-widget-container\">\n\t\t\t\t\t\t\t\t\t<p>Contactez-nous pour discuter de votre projet, ou demander une \u00e9tude !<\/p>\t\t\t\t\t\t\t\t<\/div>\n\t\t\t\t<\/div>\n\t\t\t\t<div class=\"elementor-element elementor-element-3724256 elementor-button-align-start elementor-widget elementor-widget-form\" data-id=\"3724256\" data-element_type=\"widget\" data-settings=\"{&quot;button_width&quot;:&quot;40&quot;,&quot;step_next_label&quot;:&quot;Suivant&quot;,&quot;step_previous_label&quot;:&quot;Pr\\u00e9c\\u00e9dent&quot;,&quot;step_type&quot;:&quot;number_text&quot;,&quot;step_icon_shape&quot;:&quot;circle&quot;}\" data-widget_type=\"form.default\">\n\t\t\t\t<div class=\"elementor-widget-container\">\n\t\t\t\t\t\t\t<form class=\"elementor-form\" method=\"post\" name=\"Nouveau formulaire\">\n\t\t\t<input type=\"hidden\" name=\"post_id\" value=\"22\"\/>\n\t\t\t<input type=\"hidden\" name=\"form_id\" value=\"3724256\"\/>\n\t\t\t<input type=\"hidden\" name=\"referer_title\" value=\"Contact - ECO\" \/>\n\n\t\t\t\t\t\t\t<input type=\"hidden\" name=\"queried_id\" value=\"22\"\/>\n\t\t\t\n\t\t\t<div class=\"elementor-form-fields-wrapper elementor-labels-above\">\n\t\t\t\t\t\t\t\t<div class=\"elementor-field-type-text elementor-field-group elementor-column elementor-field-group-name elementor-col-100\">\n\t\t\t\t\t\t\t\t\t\t\t\t<label for=\"form-field-name\" class=\"elementor-field-label\">\n\t\t\t\t\t\t\t\tNom et pr\u00e9nom\t\t\t\t\t\t\t<\/label>\n\t\t\t\t\t\t\t\t\t\t\t\t\t\t<input size=\"1\" type=\"text\" name=\"form_fields[name]\" id=\"form-field-name\" class=\"elementor-field elementor-size-sm  elementor-field-textual\" placeholder=\"Nom et pr\u00e9nom\">\n\t\t\t\t\t\t\t\t\t\t\t<\/div>\n\t\t\t\t\t\t\t\t<div class=\"elementor-field-type-email elementor-field-group elementor-column elementor-field-group-email elementor-col-100 elementor-field-required\">\n\t\t\t\t\t\t\t\t\t\t\t\t<label for=\"form-field-email\" class=\"elementor-field-label\">\n\t\t\t\t\t\t\t\tE-mail\t\t\t\t\t\t\t<\/label>\n\t\t\t\t\t\t\t\t\t\t\t\t\t\t<input size=\"1\" type=\"email\" name=\"form_fields[email]\" id=\"form-field-email\" class=\"elementor-field elementor-size-sm  elementor-field-textual\" placeholder=\"E-mail\" required=\"required\">\n\t\t\t\t\t\t\t\t\t\t\t<\/div>\n\t\t\t\t\t\t\t\t<div class=\"elementor-field-type-tel elementor-field-group elementor-column elementor-field-group-field_963a533 elementor-col-100\">\n\t\t\t\t\t\t\t\t\t\t\t\t<label for=\"form-field-field_963a533\" class=\"elementor-field-label\">\n\t\t\t\t\t\t\t\tT\u00e9l\u00e9phone\t\t\t\t\t\t\t<\/label>\n\t\t\t\t\t\t\t\t<input size=\"1\" type=\"tel\" name=\"form_fields[field_963a533]\" id=\"form-field-field_963a533\" class=\"elementor-field elementor-size-sm  elementor-field-textual\" placeholder=\"06 00 00 00 00\" pattern=\"[0-9()#&amp;+*-=.]+\" title=\"Only numbers and phone characters (#, -, *, etc) are accepted.\">\n\n\t\t\t\t\t\t<\/div>\n\t\t\t\t\t\t\t\t<div class=\"elementor-field-type-textarea elementor-field-group elementor-column elementor-field-group-message elementor-col-100\">\n\t\t\t\t\t\t\t\t\t\t\t\t<label for=\"form-field-message\" class=\"elementor-field-label\">\n\t\t\t\t\t\t\t\tMessage\t\t\t\t\t\t\t<\/label>\n\t\t\t\t\t\t<textarea class=\"elementor-field-textual elementor-field  elementor-size-sm\" name=\"form_fields[message]\" id=\"form-field-message\" rows=\"4\" placeholder=\"Message\"><\/textarea>\t\t\t\t<\/div>\n\t\t\t\t\t\t\t\t<div class=\"elementor-field-group elementor-column elementor-field-type-submit elementor-col-40 e-form__buttons\">\n\t\t\t\t\t<button class=\"elementor-button elementor-size-md\" type=\"submit\">\n\t\t\t\t\t\t<span class=\"elementor-button-content-wrapper\">\n\t\t\t\t\t\t\t\t\t\t\t\t\t\t\t\t\t\t\t\t\t\t<span class=\"elementor-button-text\">Envoyer<\/span>\n\t\t\t\t\t\t\t\t\t\t\t\t\t<\/span>\n\t\t\t\t\t<\/button>\n\t\t\t\t<\/div>\n\t\t\t<\/div>\n\t\t<\/form>\n\t\t\t\t\t\t<\/div>\n\t\t\t\t<\/div>\n\t\t\t\t<\/div>\n\t\t\t\t\t<\/div>\n\t\t\t\t<\/div>\n\t\t<div class=\"elementor-element elementor-element-3d0867f e-flex e-con-boxed e-con e-parent\" data-id=\"3d0867f\" data-element_type=\"container\">\n\t\t\t\t\t<div class=\"e-con-inner\">\n\t\t\t\t<div class=\"elementor-element elementor-element-77e667e elementor-widget elementor-widget-spacer\" data-id=\"77e667e\" data-element_type=\"widget\" data-widget_type=\"spacer.default\">\n\t\t\t\t<div class=\"elementor-widget-container\">\n\t\t\t\t\t\t\t<div class=\"elementor-spacer\">\n\t\t\t<div class=\"elementor-spacer-inner\"><\/div>\n\t\t<\/div>\n\t\t\t\t\t\t<\/div>\n\t\t\t\t<\/div>\n\t\t\t\t\t<\/div>\n\t\t\t\t<\/div>\n\t\t\t\t<\/div>\n\t\t","protected":false},"excerpt":{"rendered":"<p>Contactez-nous ! S\u00e9curiser votre projet, optimiser vos ressources, et garantir la qualit\u00e9 \u00e0 chaque \u00e9tape.\u00a0 Contactez-nous pour discuter de votre projet, ou demander une \u00e9tude !<\/p>\n","protected":false},"author":1,"featured_media":0,"parent":0,"menu_order":0,"comment_status":"closed","ping_status":"closed","template":"","meta":{"footnotes":""},"class_list":["post-22","page","type-page","status-publish","hentry"],"yoast_head":"<!-- This site is optimized with the Yoast SEO plugin v25.3 - https:\/\/yoast.com\/wordpress\/plugins\/seo\/ -->\n<title>Contact - ECO<\/title>\n<meta name=\"robots\" content=\"index, follow, max-snippet:-1, max-image-preview:large, max-video-preview:-1\" \/>\n<link rel=\"canonical\" href=\"https:\/\/bet-eco.fr\/index.php\/contact\/\" \/>\n<meta property=\"og:locale\" content=\"en_US\" \/>\n<meta property=\"og:type\" content=\"article\" \/>\n<meta property=\"og:title\" content=\"Contact - ECO\" \/>\n<meta property=\"og:description\" content=\"Contactez-nous ! S\u00e9curiser votre projet, optimiser vos ressources, et garantir la qualit\u00e9 \u00e0 chaque \u00e9tape.\u00a0 Contactez-nous pour discuter de votre projet, ou demander une \u00e9tude !\" \/>\n<meta property=\"og:url\" content=\"https:\/\/bet-eco.fr\/index.php\/contact\/\" \/>\n<meta property=\"og:site_name\" content=\"ECO\" \/>\n<meta property=\"article:modified_time\" content=\"2025-09-02T18:12:21+00:00\" \/>\n<meta name=\"twitter:card\" content=\"summary_large_image\" \/>\n<meta name=\"twitter:label1\" content=\"Est. reading time\" \/>\n\t<meta name=\"twitter:data1\" content=\"1 minute\" \/>\n<script type=\"application\/ld+json\" class=\"yoast-schema-graph\">{\"@context\":\"https:\/\/schema.org\",\"@graph\":[{\"@type\":\"WebPage\",\"@id\":\"https:\/\/bet-eco.fr\/index.php\/contact\/\",\"url\":\"https:\/\/bet-eco.fr\/index.php\/contact\/\",\"name\":\"Contact - ECO\",\"isPartOf\":{\"@id\":\"https:\/\/bet-eco.fr\/#website\"},\"datePublished\":\"2025-06-12T13:51:07+00:00\",\"dateModified\":\"2025-09-02T18:12:21+00:00\",\"breadcrumb\":{\"@id\":\"https:\/\/bet-eco.fr\/index.php\/contact\/#breadcrumb\"},\"inLanguage\":\"en-US\",\"potentialAction\":[{\"@type\":\"ReadAction\",\"target\":[\"https:\/\/bet-eco.fr\/index.php\/contact\/\"]}]},{\"@type\":\"BreadcrumbList\",\"@id\":\"https:\/\/bet-eco.fr\/index.php\/contact\/#breadcrumb\",\"itemListElement\":[{\"@type\":\"ListItem\",\"position\":1,\"name\":\"Accueil\",\"item\":\"https:\/\/bet-eco.fr\/\"},{\"@type\":\"ListItem\",\"position\":2,\"name\":\"Contact\"}]},{\"@type\":\"WebSite\",\"@id\":\"https:\/\/bet-eco.fr\/#website\",\"url\":\"https:\/\/bet-eco.fr\/\",\"name\":\"ECO\",\"description\":\"\",\"publisher\":{\"@id\":\"https:\/\/bet-eco.fr\/#organization\"},\"potentialAction\":[{\"@type\":\"SearchAction\",\"target\":{\"@type\":\"EntryPoint\",\"urlTemplate\":\"https:\/\/bet-eco.fr\/?s={search_term_string}\"},\"query-input\":{\"@type\":\"PropertyValueSpecification\",\"valueRequired\":true,\"valueName\":\"search_term_string\"}}],\"inLanguage\":\"en-US\"},{\"@type\":\"Organization\",\"@id\":\"https:\/\/bet-eco.fr\/#organization\",\"name\":\"ECO\",\"url\":\"https:\/\/bet-eco.fr\/\",\"logo\":{\"@type\":\"ImageObject\",\"inLanguage\":\"en-US\",\"@id\":\"https:\/\/bet-eco.fr\/#\/schema\/logo\/image\/\",\"url\":\"https:\/\/bet-eco.fr\/wp-content\/uploads\/2025\/06\/ECO-BRAND-BOOK-2-scaled.png\",\"contentUrl\":\"https:\/\/bet-eco.fr\/wp-content\/uploads\/2025\/06\/ECO-BRAND-BOOK-2-scaled.png\",\"width\":2560,\"height\":1440,\"caption\":\"ECO\"},\"image\":{\"@id\":\"https:\/\/bet-eco.fr\/#\/schema\/logo\/image\/\"},\"sameAs\":[\"https:\/\/www.linkedin.com\/in\/eco-bureau-d-tudes-509895139\/\"]}]}<\/script>\n<!-- \/ Yoast SEO plugin. -->","yoast_head_json":{"title":"Contact - ECO","robots":{"index":"index","follow":"follow","max-snippet":"max-snippet:-1","max-image-preview":"max-image-preview:large","max-video-preview":"max-video-preview:-1"},"canonical":"https:\/\/bet-eco.fr\/index.php\/contact\/","og_locale":"en_US","og_type":"article","og_title":"Contact - ECO","og_description":"Contactez-nous ! S\u00e9curiser votre projet, optimiser vos ressources, et garantir la qualit\u00e9 \u00e0 chaque \u00e9tape.\u00a0 Contactez-nous pour discuter de votre projet, ou demander une \u00e9tude !","og_url":"https:\/\/bet-eco.fr\/index.php\/contact\/","og_site_name":"ECO","article_modified_time":"2025-09-02T18:12:21+00:00","twitter_card":"summary_large_image","twitter_misc":{"Est. reading time":"1 minute"},"schema":{"@context":"https:\/\/schema.org","@graph":[{"@type":"WebPage","@id":"https:\/\/bet-eco.fr\/index.php\/contact\/","url":"https:\/\/bet-eco.fr\/index.php\/contact\/","name":"Contact - ECO","isPartOf":{"@id":"https:\/\/bet-eco.fr\/#website"},"datePublished":"2025-06-12T13:51:07+00:00","dateModified":"2025-09-02T18:12:21+00:00","breadcrumb":{"@id":"https:\/\/bet-eco.fr\/index.php\/contact\/#breadcrumb"},"inLanguage":"en-US","potentialAction":[{"@type":"ReadAction","target":["https:\/\/bet-eco.fr\/index.php\/contact\/"]}]},{"@type":"BreadcrumbList","@id":"https:\/\/bet-eco.fr\/index.php\/contact\/#breadcrumb","itemListElement":[{"@type":"ListItem","position":1,"name":"Accueil","item":"https:\/\/bet-eco.fr\/"},{"@type":"ListItem","position":2,"name":"Contact"}]},{"@type":"WebSite","@id":"https:\/\/bet-eco.fr\/#website","url":"https:\/\/bet-eco.fr\/","name":"ECO","description":"","publisher":{"@id":"https:\/\/bet-eco.fr\/#organization"},"potentialAction":[{"@type":"SearchAction","target":{"@type":"EntryPoint","urlTemplate":"https:\/\/bet-eco.fr\/?s={search_term_string}"},"query-input":{"@type":"PropertyValueSpecification","valueRequired":true,"valueName":"search_term_string"}}],"inLanguage":"en-US"},{"@type":"Organization","@id":"https:\/\/bet-eco.fr\/#organization","name":"ECO","url":"https:\/\/bet-eco.fr\/","logo":{"@type":"ImageObject","inLanguage":"en-US","@id":"https:\/\/bet-eco.fr\/#\/schema\/logo\/image\/","url":"https:\/\/bet-eco.fr\/wp-content\/uploads\/2025\/06\/ECO-BRAND-BOOK-2-scaled.png","contentUrl":"https:\/\/bet-eco.fr\/wp-content\/uploads\/2025\/06\/ECO-BRAND-BOOK-2-scaled.png","width":2560,"height":1440,"caption":"ECO"},"image":{"@id":"https:\/\/bet-eco.fr\/#\/schema\/logo\/image\/"},"sameAs":["https:\/\/www.linkedin.com\/in\/eco-bureau-d-tudes-509895139\/"]}]}},"_links":{"self":[{"href":"https:\/\/bet-eco.fr\/index.php\/wp-json\/wp\/v2\/pages\/22","targetHints":{"allow":["GET"]}}],"collection":[{"href":"https:\/\/bet-eco.fr\/index.php\/wp-json\/wp\/v2\/pages"}],"about":[{"href":"https:\/\/bet-eco.fr\/index.php\/wp-json\/wp\/v2\/types\/page"}],"author":[{"embeddable":true,"href":"https:\/\/bet-eco.fr\/index.php\/wp-json\/wp\/v2\/users\/1"}],"replies":[{"embeddable":true,"href":"https:\/\/bet-eco.fr\/index.php\/wp-json\/wp\/v2\/comments?post=22"}],"version-history":[{"count":28,"href":"https:\/\/bet-eco.fr\/index.php\/wp-json\/wp\/v2\/pages\/22\/revisions"}],"predecessor-version":[{"id":478,"href":"https:\/\/bet-eco.fr\/index.php\/wp-json\/wp\/v2\/pages\/22\/revisions\/478"}],"wp:attachment":[{"href":"https:\/\/bet-eco.fr\/index.php\/wp-json\/wp\/v2\/media?parent=22"}],"curies":[{"name":"wp","href":"https:\/\/api.w.org\/{rel}","templated":true}]}}